{"id":46804,"date":"2026-05-15T10:22:43","date_gmt":"2026-05-15T15:22:43","guid":{"rendered":"https:\/\/www.cambridgeassociates.com\/?page_id=46804"},"modified":"2026-05-15T10:22:43","modified_gmt":"2026-05-15T15:22:43","slug":"outsourced-chief-investment-officer-ocio-ausgelagerte-cio-dienstleistungen","status":"publish","type":"page","link":"https:\/\/www.cambridgeassociates.com\/de\/outsourced-chief-investment-officer-ocio-ausgelagerte-cio-dienstleistungen\/","title":{"rendered":"Outsourced Chief Investment Officer (OCIO) | Ausgelagerte CIO-Dienstleistungen"},"content":{"rendered":"<p>Als Investmentpartner f\u00fcr einige der erfahrensten und anspruchsvollsten Anleger der Welt seit \u00fcber f\u00fcnf Jahrzehnten, erkennen wir aus eigener Erfahrung, welche Vorgehensweise besonders erfolgversprechend sind \u2013 und welche Ma\u00dfnahmen erhebliche H\u00fcrden mit sich bringen k\u00f6nnen<\/p>\n","protected":false},"excerpt":{"rendered":"<p>Als Investmentpartner f\u00fcr einige der erfahrensten und anspruchsvollsten Anleger der Welt seit \u00fcber f\u00fcnf Jahrzehnten, erkennen wir aus eigener Erfahrung, welche Vorgehensweise besonders erfolgversprechend sind \u2013 und welche Ma\u00dfnahmen erhebliche H\u00fcrden mit sich bringen k\u00f6nnen<\/p>\n","protected":false},"author":49,"featured_media":0,"parent":0,"menu_order":0,"comment_status":"closed","ping_status":"closed","template":"","meta":{"_acf_changed":false,"_searchwp_excluded":"","footnotes":""},"class_list":["post-46804","page","type-page","status-publish","hentry"],"acf":[],"yoast_head":"<!-- This site is optimized with the Yoast SEO plugin v27.0 - https:\/\/yoast.com\/product\/yoast-seo-wordpress\/ -->\n<title>Outsourced Chief Investment Officer (OCIO) | Ausgelagerte CIO-Dienstleistungen - Cambridge Associates<\/title>\n<meta name=\"robots\" content=\"index, follow, max-snippet:-1, max-image-preview:large, max-video-preview:-1\" \/>\n<link rel=\"canonical\" href=\"https:\/\/www.cambridgeassociates.com\/de\/wp-json\/wp\/v2\/pages\/46804\" \/>\n<meta property=\"og:locale\" content=\"de_DE\" \/>\n<meta property=\"og:type\" content=\"article\" \/>\n<meta property=\"og:title\" content=\"Outsourced Chief Investment Officer (OCIO) | Ausgelagerte CIO-Dienstleistungen - Cambridge Associates\" \/>\n<meta property=\"og:description\" content=\"Als Investmentpartner f\u00fcr einige der erfahrensten und anspruchsvollsten Anleger der Welt seit \u00fcber f\u00fcnf Jahrzehnten, erkennen wir aus eigener Erfahrung, welche Vorgehensweise besonders erfolgversprechend sind \u2013 und welche Ma\u00dfnahmen erhebliche H\u00fcrden mit sich bringen k\u00f6nnen\" \/>\n<meta property=\"og:url\" content=\"https:\/\/www.cambridgeassociates.com\/de\/outsourced-chief-investment-officer-ocio-ausgelagerte-cio-dienstleistungen\/\" \/>\n<meta property=\"og:site_name\" content=\"Cambridge Associates\" \/>\n<meta name=\"twitter:card\" content=\"summary_large_image\" \/>\n<script type=\"application\/ld+json\" class=\"yoast-schema-graph\">{\"@context\":\"https:\/\/schema.org\",\"@graph\":[{\"@type\":\"WebPage\",\"@id\":\"https:\/\/www.cambridgeassociates.com\/de\/outsourced-chief-investment-officer-ocio-ausgelagerte-cio-dienstleistungen\/\",\"url\":\"https:\/\/www.cambridgeassociates.com\/de\/outsourced-chief-investment-officer-ocio-ausgelagerte-cio-dienstleistungen\/\",\"name\":\"Outsourced Chief Investment Officer (OCIO) | Ausgelagerte CIO-Dienstleistungen - Cambridge Associates\",\"isPartOf\":{\"@id\":\"https:\/\/www.cambridgeassociates.com\/de\/#website\"},\"datePublished\":\"2026-05-15T15:22:43+00:00\",\"breadcrumb\":{\"@id\":\"https:\/\/www.cambridgeassociates.com\/de\/outsourced-chief-investment-officer-ocio-ausgelagerte-cio-dienstleistungen\/#breadcrumb\"},\"inLanguage\":\"de-DE\",\"potentialAction\":[{\"@type\":\"ReadAction\",\"target\":[\"https:\/\/www.cambridgeassociates.com\/de\/outsourced-chief-investment-officer-ocio-ausgelagerte-cio-dienstleistungen\/\"]}]},{\"@type\":\"BreadcrumbList\",\"@id\":\"https:\/\/www.cambridgeassociates.com\/de\/outsourced-chief-investment-officer-ocio-ausgelagerte-cio-dienstleistungen\/#breadcrumb\",\"itemListElement\":[{\"@type\":\"ListItem\",\"position\":1,\"name\":\"Home\",\"item\":\"https:\/\/www.cambridgeassociates.com\/de\/\"},{\"@type\":\"ListItem\",\"position\":2,\"name\":\"Outsourced Chief Investment Officer (OCIO) | Ausgelagerte CIO-Dienstleistungen\"}]},{\"@type\":\"WebSite\",\"@id\":\"https:\/\/www.cambridgeassociates.com\/de\/#website\",\"url\":\"https:\/\/www.cambridgeassociates.com\/de\/\",\"name\":\"Cambridge Associates\",\"description\":\"A Global Investment Firm\",\"publisher\":{\"@id\":\"https:\/\/www.cambridgeassociates.com\/de\/#organization\"},\"potentialAction\":[{\"@type\":\"SearchAction\",\"target\":{\"@type\":\"EntryPoint\",\"urlTemplate\":\"https:\/\/www.cambridgeassociates.com\/de\/?s={search_term_string}\"},\"query-input\":{\"@type\":\"PropertyValueSpecification\",\"valueRequired\":true,\"valueName\":\"search_term_string\"}}],\"inLanguage\":\"de-DE\"},{\"@type\":\"Organization\",\"@id\":\"https:\/\/www.cambridgeassociates.com\/de\/#organization\",\"name\":\"Cambridge Associates\",\"url\":\"https:\/\/www.cambridgeassociates.com\/de\/\",\"logo\":{\"@type\":\"ImageObject\",\"inLanguage\":\"de-DE\",\"@id\":\"https:\/\/www.cambridgeassociates.com\/de\/#\/schema\/logo\/image\/\",\"url\":\"https:\/\/www.cambridgeassociates.com\/wp-content\/uploads\/2022\/02\/ca_logo-2.png\",\"contentUrl\":\"https:\/\/www.cambridgeassociates.com\/wp-content\/uploads\/2022\/02\/ca_logo-2.png\",\"width\":66,\"height\":65,\"caption\":\"Cambridge Associates\"},\"image\":{\"@id\":\"https:\/\/www.cambridgeassociates.com\/de\/#\/schema\/logo\/image\/\"}}]}<\/script>\n<!-- \/ Yoast SEO plugin. -->","yoast_head_json":{"title":"Outsourced Chief Investment Officer (OCIO) | Ausgelagerte CIO-Dienstleistungen - Cambridge Associates","robots":{"index":"index","follow":"follow","max-snippet":"max-snippet:-1","max-image-preview":"max-image-preview:large","max-video-preview":"max-video-preview:-1"},"canonical":"https:\/\/www.cambridgeassociates.com\/de\/wp-json\/wp\/v2\/pages\/46804","og_locale":"de_DE","og_type":"article","og_title":"Outsourced Chief Investment Officer (OCIO) | Ausgelagerte CIO-Dienstleistungen - Cambridge Associates","og_description":"Als Investmentpartner f\u00fcr einige der erfahrensten und anspruchsvollsten Anleger der Welt seit \u00fcber f\u00fcnf Jahrzehnten, erkennen wir aus eigener Erfahrung, welche Vorgehensweise besonders erfolgversprechend sind \u2013 und welche Ma\u00dfnahmen erhebliche H\u00fcrden mit sich bringen k\u00f6nnen","og_url":"https:\/\/www.cambridgeassociates.com\/de\/outsourced-chief-investment-officer-ocio-ausgelagerte-cio-dienstleistungen\/","og_site_name":"Cambridge Associates","twitter_card":"summary_large_image","schema":{"@context":"https:\/\/schema.org","@graph":[{"@type":"WebPage","@id":"https:\/\/www.cambridgeassociates.com\/de\/outsourced-chief-investment-officer-ocio-ausgelagerte-cio-dienstleistungen\/","url":"https:\/\/www.cambridgeassociates.com\/de\/outsourced-chief-investment-officer-ocio-ausgelagerte-cio-dienstleistungen\/","name":"Outsourced Chief Investment Officer (OCIO) | Ausgelagerte CIO-Dienstleistungen - Cambridge Associates","isPartOf":{"@id":"https:\/\/www.cambridgeassociates.com\/de\/#website"},"datePublished":"2026-05-15T15:22:43+00:00","breadcrumb":{"@id":"https:\/\/www.cambridgeassociates.com\/de\/outsourced-chief-investment-officer-ocio-ausgelagerte-cio-dienstleistungen\/#breadcrumb"},"inLanguage":"de-DE","potentialAction":[{"@type":"ReadAction","target":["https:\/\/www.cambridgeassociates.com\/de\/outsourced-chief-investment-officer-ocio-ausgelagerte-cio-dienstleistungen\/"]}]},{"@type":"BreadcrumbList","@id":"https:\/\/www.cambridgeassociates.com\/de\/outsourced-chief-investment-officer-ocio-ausgelagerte-cio-dienstleistungen\/#breadcrumb","itemListElement":[{"@type":"ListItem","position":1,"name":"Home","item":"https:\/\/www.cambridgeassociates.com\/de\/"},{"@type":"ListItem","position":2,"name":"Outsourced Chief Investment Officer (OCIO) | Ausgelagerte CIO-Dienstleistungen"}]},{"@type":"WebSite","@id":"https:\/\/www.cambridgeassociates.com\/de\/#website","url":"https:\/\/www.cambridgeassociates.com\/de\/","name":"Cambridge Associates","description":"A Global Investment Firm","publisher":{"@id":"https:\/\/www.cambridgeassociates.com\/de\/#organization"},"potentialAction":[{"@type":"SearchAction","target":{"@type":"EntryPoint","urlTemplate":"https:\/\/www.cambridgeassociates.com\/de\/?s={search_term_string}"},"query-input":{"@type":"PropertyValueSpecification","valueRequired":true,"valueName":"search_term_string"}}],"inLanguage":"de-DE"},{"@type":"Organization","@id":"https:\/\/www.cambridgeassociates.com\/de\/#organization","name":"Cambridge Associates","url":"https:\/\/www.cambridgeassociates.com\/de\/","logo":{"@type":"ImageObject","inLanguage":"de-DE","@id":"https:\/\/www.cambridgeassociates.com\/de\/#\/schema\/logo\/image\/","url":"https:\/\/www.cambridgeassociates.com\/wp-content\/uploads\/2022\/02\/ca_logo-2.png","contentUrl":"https:\/\/www.cambridgeassociates.com\/wp-content\/uploads\/2022\/02\/ca_logo-2.png","width":66,"height":65,"caption":"Cambridge Associates"},"image":{"@id":"https:\/\/www.cambridgeassociates.com\/de\/#\/schema\/logo\/image\/"}}]}},"_links":{"self":[{"href":"https:\/\/www.cambridgeassociates.com\/de\/wp-json\/wp\/v2\/pages\/46804","targetHints":{"allow":["GET"]}}],"collection":[{"href":"https:\/\/www.cambridgeassociates.com\/de\/wp-json\/wp\/v2\/pages"}],"about":[{"href":"https:\/\/www.cambridgeassociates.com\/de\/wp-json\/wp\/v2\/types\/page"}],"author":[{"embeddable":true,"href":"https:\/\/www.cambridgeassociates.com\/de\/wp-json\/wp\/v2\/users\/49"}],"replies":[{"embeddable":true,"href":"https:\/\/www.cambridgeassociates.com\/de\/wp-json\/wp\/v2\/comments?post=46804"}],"version-history":[{"count":5,"href":"https:\/\/www.cambridgeassociates.com\/de\/wp-json\/wp\/v2\/pages\/46804\/revisions"}],"predecessor-version":[{"id":60519,"href":"https:\/\/www.cambridgeassociates.com\/de\/wp-json\/wp\/v2\/pages\/46804\/revisions\/60519"}],"wp:attachment":[{"href":"https:\/\/www.cambridgeassociates.com\/de\/wp-json\/wp\/v2\/media?parent=46804"}],"curies":[{"name":"wp","href":"https:\/\/api.w.org\/{rel}","templated":true}]}}